{"id":700,"date":"2023-04-18T14:39:35","date_gmt":"2023-04-18T11:39:35","guid":{"rendered":"https:\/\/itilgarden.com\/?page_id=700"},"modified":"2023-07-19T09:26:12","modified_gmt":"2023-07-19T06:26:12","slug":"itil-ailesi","status":"publish","type":"page","link":"https:\/\/itilgarden.com\/?page_id=700","title":{"rendered":"\u0130T\u0130L A\u0130LES\u0130"},"content":{"rendered":"\n<p><strong>\u0130T\u0130L GARDEN;<\/strong> U\u015eAK\u2019ta bulunan k\u0131r d\u00fc\u011f\u00fcn mekanlar\u0131n\u0131n liste ba\u015f\u0131 olarak; t\u00fcm davetlilerin isteklerine cevap verebilecek esnek yap\u0131m\u0131z ile organizasyonlar\u0131n ba\u015far\u0131yla ger\u00e7ekle\u015fmesini garantiliyoruz. Ye\u015filin her tonunu i\u00e7erisinde bar\u0131nd\u0131ran k\u0131r bah\u00e7emizde misafirlerimize unutamayacaklar\u0131 bir an vaat ediyoruz. U\u015eAK\u2019\u0131n e\u015fsiz g\u00fczelli\u011fi e\u015fli\u011finde K\u0131r D\u00fc\u011f\u00fcn alan\u0131m\u0131zda \u0130T\u0130L GARDEN Ailesi olarak sizleri a\u011f\u0131rlamaktan gurur duyar\u0131z. <\/p>\n\n\n\n<p><strong>\u0130T\u0130L RES\u0130DENCE APART;<\/strong> g\u00fcnl\u00fck ev kiralama sekt\u00f6r\u00fcnde 2015 y\u0131l\u0131ndan bu yana sekt\u00f6r\u00fcnde geli\u015fime a\u00e7\u0131k, kaliteli ve ekonomik konaklama anlay\u0131\u015f\u0131 ile m\u00fc\u015fterilerine sunmu\u015f oldu\u011fu hizmetler toplulu\u011funu her ge\u00e7en g\u00fcn artt\u0131rarak bir yenisini ekleme gayreti i\u00e7inde olmu\u015ftur. \u0130til Residence Apart U\u015fak&#8217;tan sonra Afyon ve Turgutlu \u2019da g\u00fcnl\u00fck kiral\u0131k daire hizmeti ile yeni bir anlay\u0131\u015f i\u00e7erisine girerek kurumsalla\u015fma ad\u0131na koymu\u015f oldu\u011fu hedefi yakalayarak T\u00fcrkiye genelinde g\u00fcnl\u00fck kiral\u0131k ev sekt\u00f6r\u00fcnde lider kurulu\u015f olma y\u00f6n\u00fcnde h\u0131zl\u0131 bir ivme yakalam\u0131\u015ft\u0131r. <\/p>\n\n\n\n<p><strong>\u0130T\u0130L MOTORS;<\/strong> olarak m\u00fc\u015fterilerin ihtiya\u00e7lar\u0131na y\u00f6nelik esnek ve g\u00fcvenilir bir sistem ile hayallerindeki araca sahip olman\u0131n kap\u0131lar\u0131n\u0131 a\u00e7t\u0131k. T\u00fcrkiye&#8217;de ki ikinci el otomobil piyasas\u0131n\u0131 geli\u015ftirmek; m\u00fc\u015fterilerimize g\u00fcven ve iyi bir al\u0131m &#8211; sat\u0131m deneyimi sunmak i\u00e7in u\u011fra\u015f\u0131yoruz.<\/p>\n\n\n\n<p><\/p>\n","protected":false},"excerpt":{"rendered":"<p>\u0130T\u0130L GARDEN; U\u015eAK\u2019ta bulunan k\u0131r d\u00fc\u011f\u00fcn mekanlar\u0131n\u0131n liste ba\u015f\u0131 olarak; t\u00fcm davetlilerin isteklerine cevap verebilecek esnek yap\u0131m\u0131z ile organizasyonlar\u0131n ba\u015far\u0131yla ger\u00e7ekle\u015fmesini garantiliyoruz. Ye\u015filin her tonunu i\u00e7erisinde bar\u0131nd\u0131ran k\u0131r bah\u00e7emizde misafirlerimize unutamayacaklar\u0131 bir an vaat ediyoruz. U\u015eAK\u2019\u0131n e\u015fsiz g\u00fczelli\u011fi e\u015fli\u011finde K\u0131r<\/p>\n","protected":false},"author":1,"featured_media":0,"parent":0,"menu_order":0,"comment_status":"closed","ping_status":"closed","template":"","meta":{"_mi_skip_tracking":false},"aioseo_notices":[],"_links":{"self":[{"href":"https:\/\/itilgarden.com\/index.php?rest_route=\/wp\/v2\/pages\/700"}],"collection":[{"href":"https:\/\/itilgarden.com\/index.php?rest_route=\/wp\/v2\/pages"}],"about":[{"href":"https:\/\/itilgarden.com\/index.php?rest_route=\/wp\/v2\/types\/page"}],"author":[{"embeddable":true,"href":"https:\/\/itilgarden.com\/index.php?rest_route=\/wp\/v2\/users\/1"}],"replies":[{"embeddable":true,"href":"https:\/\/itilgarden.com\/index.php?rest_route=%2Fwp%2Fv2%2Fcomments&post=700"}],"version-history":[{"count":4,"href":"https:\/\/itilgarden.com\/index.php?rest_route=\/wp\/v2\/pages\/700\/revisions"}],"predecessor-version":[{"id":729,"href":"https:\/\/itilgarden.com\/index.php?rest_route=\/wp\/v2\/pages\/700\/revisions\/729"}],"wp:attachment":[{"href":"https:\/\/itilgarden.com\/index.php?rest_route=%2Fwp%2Fv2%2Fmedia&parent=700"}],"curies":[{"name":"wp","href":"https:\/\/api.w.org\/{rel}","templated":true}]}}